{"id":12,"date":"2024-10-15T07:22:03","date_gmt":"2024-10-15T05:22:03","guid":{"rendered":"https:\/\/latidosdegea.zeus.umh.es\/presentacion\/"},"modified":"2025-09-05T10:15:07","modified_gmt":"2025-09-05T08:15:07","slug":"recursos-educativos","status":"publish","type":"page","link":"https:\/\/latidosdegea.umh.es\/en\/recursos-educativos\/","title":{"rendered":"Presentaci\u00f3n"},"content":{"rendered":"<p>[et_pb_section fb_built=&#8221;1&#8243; _builder_version=&#8221;4.17.4&#8243; _module_preset=&#8221;default&#8221; global_colors_info=&#8221;{}&#8221;][et_pb_row _builder_version=&#8221;4.17.4&#8243; _module_preset=&#8221;default&#8221; global_colors_info=&#8221;{}&#8221;][et_pb_column type=&#8221;4_4&#8243; _builder_version=&#8221;4.17.4&#8243; _module_preset=&#8221;default&#8221; global_colors_info=&#8221;{}&#8221;][et_pb_text admin_label=&#8221;Texto&#8221; _builder_version=&#8221;4.17.4&#8243; _module_preset=&#8221;default&#8221; global_colors_info=&#8221;{}&#8221;]<\/p>\n<h1 style=\"text-align: center\">Recursos educativos<\/h1>\n<p>[\/et_pb_text][et_pb_blog fullwidth=&#8221;off&#8221; posts_number=&#8221;4&#8243; include_categories=&#8221;1508694&#8243; show_author=&#8221;off&#8221; show_date=&#8221;off&#8221; show_categories=&#8221;off&#8221; show_pagination=&#8221;off&#8221; _builder_version=&#8221;4.17.4&#8243; _module_preset=&#8221;default&#8221; global_colors_info=&#8221;{}&#8221;][\/et_pb_blog][\/et_pb_column][\/et_pb_row][et_pb_row column_structure=&#8221;1_4,1_4,1_4,1_4&#8243; disabled_on=&#8221;on|on|on&#8221; _builder_version=&#8221;4.17.4&#8243; _module_preset=&#8221;default&#8221; animation_style=&#8221;slide&#8221; animation_direction=&#8221;top&#8221; animation_duration=&#8221;1300ms&#8221; animation_intensity_slide=&#8221;12%&#8221; disabled=&#8221;on&#8221; global_colors_info=&#8221;{}&#8221;][et_pb_column type=&#8221;1_4&#8243; _builder_version=&#8221;4.17.4&#8243; _module_preset=&#8221;default&#8221; global_colors_info=&#8221;{}&#8221;][et_pb_testimonial author=&#8221;Nombre y apellidos&#8221; job_title=&#8221;Profesora en IES Concreto&#8221; portrait_url=&#8221;https:\/\/latidosdegea.umh.es\/files\/2024\/12\/profile-placeholder-2-200&#215;300.jpg&#8221; _builder_version=&#8221;4.17.4&#8243; _module_preset=&#8221;default&#8221; child_filter_saturate=&#8221;0%&#8221; global_colors_info=&#8221;{}&#8221;]<\/p>\n<p>Hemos visitado la exposici\u00f3n Latidos de Gea y, despu\u00e9s hemos trabajado con los contenidos en el aula. Una experiencia inmejorable.<\/p>\n<p>[\/et_pb_testimonial][\/et_pb_column][et_pb_column type=&#8221;1_4&#8243; _builder_version=&#8221;4.17.4&#8243; _module_preset=&#8221;default&#8221; global_colors_info=&#8221;{}&#8221;][et_pb_testimonial author=&#8221;Nombre y apellidos&#8221; job_title=&#8221;Profesora en IES Concreto&#8221; portrait_url=&#8221;https:\/\/latidosdegea.umh.es\/files\/2024\/12\/profile-placeholder-1.jpg&#8221; _builder_version=&#8221;4.17.4&#8243; _module_preset=&#8221;default&#8221; child_filter_saturate=&#8221;0%&#8221; global_colors_info=&#8221;{}&#8221;]<\/p>\n<p>Me encanta que el contenido cient\u00edfico se combine con el arte. As\u00ed, nadie ha quedado atr\u00e1s. Le ha gustado a los alumnos que ten\u00edan m\u00e1s inter\u00e9s por lo est\u00e9tico y tambi\u00e9n a los que quer\u00edan entender lo t\u00e9cnico. De 10.<\/p>\n<p>[\/et_pb_testimonial][\/et_pb_column][et_pb_column type=&#8221;1_4&#8243; _builder_version=&#8221;4.17.4&#8243; _module_preset=&#8221;default&#8221; global_colors_info=&#8221;{}&#8221;][et_pb_testimonial author=&#8221;Nombre y apellidos&#8221; job_title=&#8221;Profesora en IES Concreto&#8221; portrait_url=&#8221;https:\/\/latidosdegea.umh.es\/files\/2024\/12\/profile-placeholder-4.jpg&#8221; _builder_version=&#8221;4.17.4&#8243; _module_preset=&#8221;default&#8221; child_filter_saturate=&#8221;0%&#8221; global_colors_info=&#8221;{}&#8221;]<\/p>\n<p>Hemos alucinado con la investigaci\u00f3n cient\u00edfica relacionada con el cambio clim\u00e1tico que se hace al lado de donde vivimos. Mis alumnos est\u00e1n muy motivados. \u00a1Gracias!<\/p>\n<p>[\/et_pb_testimonial][\/et_pb_column][et_pb_column type=&#8221;1_4&#8243; _builder_version=&#8221;4.17.4&#8243; _module_preset=&#8221;default&#8221; global_colors_info=&#8221;{}&#8221;][et_pb_testimonial author=&#8221;Nombre y apellidos&#8221; job_title=&#8221;Profesora en IES Concreto&#8221; portrait_url=&#8221;https:\/\/latidosdegea.umh.es\/files\/2024\/12\/profile-placeholder-3-scaled.jpg&#8221; _builder_version=&#8221;4.17.4&#8243; _module_preset=&#8221;default&#8221; child_filter_saturate=&#8221;0%&#8221; global_colors_info=&#8221;{}&#8221;]<\/p>\n<p>Mis alumnos dicen que por fin han entendido c\u00f3mo pueden contribuir a mitigar el cambio clim\u00e1tico.<\/p>\n<p>[\/et_pb_testimonial][\/et_pb_column][\/et_pb_row][\/et_pb_section][et_pb_section fb_built=&#8221;1&#8243; admin_label=&#8221;FOOTER&#8221; _builder_version=&#8221;4.17.4&#8243; _module_preset=&#8221;default&#8221; global_colors_info=&#8221;{}&#8221;][et_pb_row admin_label=&#8221;Fila&#8221; _builder_version=&#8221;4.17.4&#8243; _module_preset=&#8221;default&#8221; custom_padding=&#8221;0px|||||&#8221; global_colors_info=&#8221;{}&#8221;][et_pb_column type=&#8221;4_4&#8243; _builder_version=&#8221;4.17.4&#8243; _module_preset=&#8221;default&#8221; global_colors_info=&#8221;{}&#8221;][et_pb_text admin_label=&#8221;Organizan&#8221; _builder_version=&#8221;4.17.4&#8243; _module_preset=&#8221;default&#8221; text_font=&#8221;Kanit||||||||&#8221; text_text_color=&#8221;#000000&#8243; text_font_size=&#8221;64px&#8221; animation_style=&#8221;fade&#8221; global_colors_info=&#8221;{}&#8221;]<\/p>\n<p class=\"cvGsUA direction-ltr align-start para-style-body\" style=\"text-align: left\"><span class=\"OYPEnA font-feature-liga-off font-feature-clig-off font-feature-calt-off text-decoration-none text-strikethrough-none\">Organizan:<\/span><\/p>\n<p>[\/et_pb_text][\/et_pb_column][\/et_pb_row][et_pb_row column_structure=&#8221;1_4,1_4,1_4,1_4&#8243; _builder_version=&#8221;4.17.4&#8243; _module_preset=&#8221;default&#8221; global_colors_info=&#8221;{}&#8221;][et_pb_column type=&#8221;1_4&#8243; _builder_version=&#8221;4.17.4&#8243; _module_preset=&#8221;default&#8221; global_colors_info=&#8221;{}&#8221;][et_pb_image src=&#8221;https:\/\/latidosdegea.umh.es\/files\/2024\/12\/logo-umh-negro-horizontal.png&#8221; title_text=&#8221;logo umh negro horizontal&#8221; url=&#8221;https:\/\/www.umh.es\/&#8221; url_new_window=&#8221;on&#8221; admin_label=&#8221;UMH&#8221; _builder_version=&#8221;4.17.4&#8243; _module_preset=&#8221;default&#8221; custom_margin=&#8221;25px||||false|false&#8221; global_colors_info=&#8221;{}&#8221;][\/et_pb_image][\/et_pb_column][et_pb_column type=&#8221;1_4&#8243; _builder_version=&#8221;4.17.4&#8243; _module_preset=&#8221;default&#8221; global_colors_info=&#8221;{}&#8221;][et_pb_image src=&#8221;https:\/\/latidosdegea.umh.es\/files\/2024\/12\/LOGO-MUDIC.png&#8221; title_text=&#8221;LOGO-MUDIC&#8221; url=&#8221;https:\/\/mudic.es\/&#8221; url_new_window=&#8221;on&#8221; admin_label=&#8221;MUDIC&#8221; _builder_version=&#8221;4.17.4&#8243; _module_preset=&#8221;default&#8221; global_colors_info=&#8221;{}&#8221;][\/et_pb_image][\/et_pb_column][et_pb_column type=&#8221;1_4&#8243; _builder_version=&#8221;4.17.4&#8243; _module_preset=&#8221;default&#8221; global_colors_info=&#8221;{}&#8221;][et_pb_image src=&#8221;https:\/\/latidosdegea.umh.es\/files\/2024\/12\/cultura_umh.jpg&#8221; title_text=&#8221;cultura_umh&#8221; url=&#8221;https:\/\/cultura.umh.es\/es\/&#8221; url_new_window=&#8221;on&#8221; admin_label=&#8221;Cultura UMH&#8221; _builder_version=&#8221;4.17.4&#8243; _module_preset=&#8221;default&#8221; custom_margin=&#8221;-26px||||false|false&#8221; custom_padding=&#8221;0px|||||&#8221; global_colors_info=&#8221;{}&#8221;][\/et_pb_image][\/et_pb_column][et_pb_column type=&#8221;1_4&#8243; _builder_version=&#8221;4.17.4&#8243; _module_preset=&#8221;default&#8221; global_colors_info=&#8221;{}&#8221;][et_pb_image src=&#8221;https:\/\/latidosdegea.umh.es\/files\/2025\/09\/CEFIRE-ORIHUELA.png&#8221; title_text=&#8221;CEFIRE ORIHUELA&#8221; url=&#8221;https:\/\/portal.edu.gva.es\/cefireorihuela\/es\/inicio\/&#8221; url_new_window=&#8221;on&#8221; admin_label=&#8221;Campus Altea&#8221; _builder_version=&#8221;4.17.4&#8243; _module_preset=&#8221;default&#8221; global_colors_info=&#8221;{}&#8221;][\/et_pb_image][\/et_pb_column][\/et_pb_row][et_pb_row column_structure=&#8221;1_6,1_6,1_6,1_6,1_6,1_6&#8243; _builder_version=&#8221;4.17.4&#8243; _module_preset=&#8221;default&#8221; global_colors_info=&#8221;{}&#8221;][et_pb_column type=&#8221;1_6&#8243; _builder_version=&#8221;4.17.4&#8243; _module_preset=&#8221;default&#8221; global_colors_info=&#8221;{}&#8221;][et_pb_image src=&#8221;https:\/\/latidosdegea.umh.es\/files\/2024\/12\/icio-e1734431325977.jpg&#8221; title_text=&#8221;icio&#8221; url=&#8221;https:\/\/cio.umh.es\/&#8221; url_new_window=&#8221;on&#8221; admin_label=&#8221;CIO&#8221; _builder_version=&#8221;4.17.4&#8243; _module_preset=&#8221;default&#8221; custom_margin=&#8221;25px||||false|false&#8221; global_colors_info=&#8221;{}&#8221;][\/et_pb_image][\/et_pb_column][et_pb_column type=&#8221;1_6&#8243; _builder_version=&#8221;4.17.4&#8243; _module_preset=&#8221;default&#8221; global_colors_info=&#8221;{}&#8221;][et_pb_image src=&#8221;https:\/\/latidosdegea.umh.es\/files\/2024\/12\/ciagro-150&#215;150.png&#8221; title_text=&#8221;ciagro&#8221; url=&#8221;https:\/\/ciagro.umh.es\/&#8221; url_new_window=&#8221;on&#8221; admin_label=&#8221;CIAGRO&#8221; _builder_version=&#8221;4.17.4&#8243; _module_preset=&#8221;default&#8221; custom_margin=&#8221;-29px|||||&#8221; global_colors_info=&#8221;{}&#8221;][\/et_pb_image][\/et_pb_column][et_pb_column type=&#8221;1_6&#8243; _builder_version=&#8221;4.17.4&#8243; _module_preset=&#8221;default&#8221; global_colors_info=&#8221;{}&#8221;][et_pb_image src=&#8221;https:\/\/latidosdegea.umh.es\/files\/2024\/12\/logo-campus-altea.jpg&#8221; title_text=&#8221;logo campus altea&#8221; url=&#8221;https:\/\/campusaltea.umh.es\/es\/&#8221; url_new_window=&#8221;on&#8221; admin_label=&#8221;Campus Altea&#8221; _builder_version=&#8221;4.17.4&#8243; _module_preset=&#8221;default&#8221; global_colors_info=&#8221;{}&#8221;][\/et_pb_image][\/et_pb_column][et_pb_column type=&#8221;1_6&#8243; _builder_version=&#8221;4.17.4&#8243; _module_preset=&#8221;default&#8221; global_colors_info=&#8221;{}&#8221;][et_pb_image src=&#8221;https:\/\/latidosdegea.umh.es\/files\/2024\/12\/ib-2019-peque.png&#8221; title_text=&#8221;ib-2019-peque&#8221; url=&#8221;https:\/\/bioingenieria.umh.es\/&#8221; url_new_window=&#8221;on&#8221; admin_label=&#8221;Bioingenier\u00eda&#8221; _builder_version=&#8221;4.17.4&#8243; _module_preset=&#8221;default&#8221; global_colors_info=&#8221;{}&#8221;][\/et_pb_image][\/et_pb_column][et_pb_column type=&#8221;1_6&#8243; _builder_version=&#8221;4.17.4&#8243; _module_preset=&#8221;default&#8221; global_colors_info=&#8221;{}&#8221;][et_pb_image src=&#8221;https:\/\/latidosdegea.umh.es\/files\/2024\/12\/logo_simbolo_CIA_secundario-con-UMH-1.png&#8221; title_text=&#8221;logo_simbolo_CIA_secundario-con-UMH-1&#8243; url=&#8221;https:\/\/cia.umh.es\/&#8221; url_new_window=&#8221;on&#8221; admin_label=&#8221;C\u00cdA Arte&#8221; _builder_version=&#8221;4.17.4&#8243; _module_preset=&#8221;default&#8221; global_colors_info=&#8221;{}&#8221;][\/et_pb_image][\/et_pb_column][et_pb_column type=&#8221;1_6&#8243; _builder_version=&#8221;4.17.4&#8243; _module_preset=&#8221;default&#8221; global_colors_info=&#8221;{}&#8221;][\/et_pb_column][\/et_pb_row][et_pb_row _builder_version=&#8221;4.17.4&#8243; _module_preset=&#8221;default&#8221; global_colors_info=&#8221;{}&#8221;][et_pb_column type=&#8221;4_4&#8243; _builder_version=&#8221;4.17.4&#8243; _module_preset=&#8221;default&#8221; global_colors_info=&#8221;{}&#8221;][et_pb_text _builder_version=&#8221;4.17.4&#8243; _module_preset=&#8221;default&#8221; global_colors_info=&#8221;{}&#8221;]<\/p>\n<p style=\"text-align: left\"><strong>Empresas colaboradoras:<\/strong><\/p>\n<p>[\/et_pb_text][\/et_pb_column][\/et_pb_row][et_pb_row column_structure=&#8221;1_6,1_6,1_6,1_6,1_6,1_6&#8243; _builder_version=&#8221;4.17.4&#8243; _module_preset=&#8221;default&#8221; global_colors_info=&#8221;{}&#8221;][et_pb_column type=&#8221;1_6&#8243; _builder_version=&#8221;4.17.4&#8243; _module_preset=&#8221;default&#8221; global_colors_info=&#8221;{}&#8221;][et_pb_image src=&#8221;https:\/\/latidosdegea.umh.es\/files\/2025\/09\/logo-greene-web.svg&#8221; title_text=&#8221;logo-greene-web&#8221; url=&#8221;https:\/\/www.greene.es\/en\/&#8221; url_new_window=&#8221;on&#8221; admin_label=&#8221;Greene&#8221; _builder_version=&#8221;4.17.4&#8243; _module_preset=&#8221;default&#8221; custom_margin=&#8221;25px||||false|false&#8221; global_colors_info=&#8221;{}&#8221;][\/et_pb_image][\/et_pb_column][et_pb_column type=&#8221;1_6&#8243; _builder_version=&#8221;4.17.4&#8243; _module_preset=&#8221;default&#8221; global_colors_info=&#8221;{}&#8221;][et_pb_image src=&#8221;https:\/\/latidosdegea.umh.es\/files\/2025\/09\/logo-tm-1.png&#8221; title_text=&#8221;logo tm&#8221; url=&#8221;https:\/\/www.tmgrupoinmobiliario.com\/en&#8221; url_new_window=&#8221;on&#8221; align=&#8221;center&#8221; admin_label=&#8221;TM&#8221; _builder_version=&#8221;4.17.4&#8243; _module_preset=&#8221;default&#8221; custom_margin=&#8221;23px||25px||false|false&#8221; global_colors_info=&#8221;{}&#8221;][\/et_pb_image][\/et_pb_column][et_pb_column type=&#8221;1_6&#8243; _builder_version=&#8221;4.17.4&#8243; _module_preset=&#8221;default&#8221; global_colors_info=&#8221;{}&#8221;][et_pb_image src=&#8221;https:\/\/latidosdegea.umh.es\/files\/2025\/09\/logo-caja-rural-central.png&#8221; title_text=&#8221;logo caja rural central&#8221; url=&#8221;https:\/\/www.ruralcentral.es\/es&#8221; url_new_window=&#8221;on&#8221; admin_label=&#8221;CRC&#8221; _builder_version=&#8221;4.17.4&#8243; _module_preset=&#8221;default&#8221; global_colors_info=&#8221;{}&#8221;][\/et_pb_image][\/et_pb_column][et_pb_column type=&#8221;1_6&#8243; _builder_version=&#8221;4.17.4&#8243; _module_preset=&#8221;default&#8221; global_colors_info=&#8221;{}&#8221;][et_pb_image src=&#8221;https:\/\/latidosdegea.umh.es\/files\/2025\/09\/logo-Matteco.jpeg&#8221; title_text=&#8221;logo Matteco&#8221; url=&#8221;https:\/\/matteco.com\/&#8221; url_new_window=&#8221;on&#8221; admin_label=&#8221;Matteco&#8221; _builder_version=&#8221;4.17.4&#8243; _module_preset=&#8221;default&#8221; custom_margin=&#8221;32px||||false|false&#8221; global_colors_info=&#8221;{}&#8221;][\/et_pb_image][\/et_pb_column][et_pb_column type=&#8221;1_6&#8243; _builder_version=&#8221;4.17.4&#8243; _module_preset=&#8221;default&#8221; global_colors_info=&#8221;{}&#8221;][\/et_pb_column][et_pb_column type=&#8221;1_6&#8243; _builder_version=&#8221;4.17.4&#8243; _module_preset=&#8221;default&#8221; global_colors_info=&#8221;{}&#8221;][\/et_pb_column][\/et_pb_row][et_pb_row column_structure=&#8221;3_5,2_5&#8243; _builder_version=&#8221;4.17.4&#8243; _module_preset=&#8221;default&#8221; global_colors_info=&#8221;{}&#8221;][et_pb_column type=&#8221;3_5&#8243; _builder_version=&#8221;4.17.4&#8243; _module_preset=&#8221;default&#8221; global_colors_info=&#8221;{}&#8221;][et_pb_text admin_label=&#8221;Con la colaboraci\u00f3n de&#8221; _builder_version=&#8221;4.17.4&#8243; _module_preset=&#8221;default&#8221; text_font=&#8221;Kanit||||||||&#8221; text_text_color=&#8221;#000000&#8243; text_font_size=&#8221;14px&#8221; custom_margin=&#8221;29px||||false|false&#8221; animation_style=&#8221;fade&#8221; global_colors_info=&#8221;{}&#8221;]<\/p>\n<p class=\"cvGsUA direction-ltr align-start para-style-body\"><span class=\"OYPEnA font-feature-liga-off font-feature-clig-off font-feature-calt-off text-decoration-none text-strikethrough-none\">Con la colaboraci\u00f3n de:<\/span><\/p>\n<p>[\/et_pb_text][et_pb_image src=&#8221;https:\/\/latidosdegea.umh.es\/files\/2024\/12\/Logo-Ministerio-FECYT-Banderas.svg&#8221; title_text=&#8221;Logo-Ministerio-FECYT-Banderas&#8221; admin_label=&#8221;FECYT&#8221; _builder_version=&#8221;4.17.4&#8243; _module_preset=&#8221;default&#8221; hover_enabled=&#8221;0&#8243; global_colors_info=&#8221;{}&#8221; sticky_enabled=&#8221;0&#8243;][\/et_pb_image][\/et_pb_column][et_pb_column type=&#8221;2_5&#8243; _builder_version=&#8221;4.17.4&#8243; _module_preset=&#8221;default&#8221; global_colors_info=&#8221;{}&#8221;][et_pb_text admin_label=&#8221;Sigue (h1)&#8221; _builder_version=&#8221;4.17.4&#8243; _module_preset=&#8221;default&#8221; text_font=&#8221;||||||||&#8221; text_font_size=&#8221;42px&#8221; header_font_size=&#8221;42px&#8221; custom_margin=&#8221;|||15px|false|false&#8221; animation_style=&#8221;fade&#8221; global_colors_info=&#8221;{}&#8221;]<\/p>\n<h2 style=\"text-align: right\"><span class=\"OYPEnA font-feature-liga-off font-feature-clig-off font-feature-calt-off text-decoration-none text-strikethrough-none\">Sigue el proyecto #LatidosdeGea<\/span><\/h2>\n<p>[\/et_pb_text][et_pb_text admin_label=&#8221;Redes (h2)&#8221; _builder_version=&#8221;4.17.4&#8243; _module_preset=&#8221;default&#8221; text_font=&#8221;|600|||||||&#8221; text_font_size=&#8221;40px&#8221; header_font=&#8221;|600|||||||&#8221; header_font_size=&#8221;32px&#8221; custom_margin=&#8221;-12px||-9px||false|false&#8221; animation_style=&#8221;fade&#8221; animation_duration=&#8221;1500ms&#8221; global_colors_info=&#8221;{}&#8221;]<\/p>\n<h2 style=\"text-align: right\"><a href=\"https:\/\/www.google.com\/url?sa=t&amp;rct=j&amp;q=&amp;esrc=s&amp;source=web&amp;cd=&amp;ved=2ahUKEwjFw_DXlcT7AhWD8LsIHaMKCVoQFnoECBwQAQ&amp;url=https%3A%2F%2Fwww.instagram.com%2Fmudic_ciencia%2F&amp;usg=AOvVaw2txjFxNVjRk8M9-3tYRvbm\" target=\"_blank\" rel=\"noopener\">Instagram<\/a><br \/><a href=\"https:\/\/www.facebook.com\/MUDIC.ciencia\" target=\"_blank\" rel=\"noopener\">Facebook<\/a><br \/><a href=\"https:\/\/twitter.com\/mudic_ciencia?ref_src=twsrc%5Egoogle%7Ctwcamp%5Eserp%7Ctwgr%5Eauthor\" target=\"_blank\" rel=\"noopener\">Twitter<\/a><br \/><a href=\"https:\/\/www.youtube.com\/channel\/UC37vf64N15jMOHi2DPA5x8w\" target=\"_blank\" rel=\"noopener\">YouTube<\/a><\/h2>\n<h2 style=\"text-align: right\"><a href=\"mailto:latidosdegea@umh.es\" target=\"_blank\" rel=\"noopener\">latidosdegea@umh.es<\/a><\/h2>\n<p>[\/et_pb_text][\/et_pb_column][\/et_pb_row][\/et_pb_section]<\/p>\n","protected":false},"excerpt":{"rendered":"<p>P\u00e1gina de presentaci\u00f3n de la unidad organizativa<\/p>\n","protected":false},"author":1759,"featured_media":0,"parent":0,"menu_order":0,"comment_status":"closed","ping_status":"closed","template":"","meta":{"_et_pb_use_builder":"on","_et_pb_old_content":"<p>P\u00e1gina de presentaci\u00f3n de la unidad organizativa<\/p>","_et_gb_content_width":"","_links_to":"","_links_to_target":""},"yoast_head":"<!-- This site is optimized with the Yoast SEO plugin v17.5 - https:\/\/yoast.com\/wordpress\/plugins\/seo\/ -->\n<title>Presentaci\u00f3n - Latidos de Gea<\/title>\n<meta name=\"robots\" content=\"index, follow, max-snippet:-1, max-image-preview:large, max-video-preview:-1\" \/>\n<link rel=\"canonical\" href=\"https:\/\/latidosdegea.umh.es\/en\/recursos-educativos\/\" \/>\n<meta property=\"og:locale\" content=\"en_US\" \/>\n<meta property=\"og:type\" content=\"article\" \/>\n<meta property=\"og:title\" content=\"Presentaci\u00f3n - Latidos de Gea\" \/>\n<meta property=\"og:description\" content=\"P\u00e1gina de presentaci\u00f3n de la unidad organizativa\" \/>\n<meta property=\"og:url\" content=\"https:\/\/latidosdegea.umh.es\/recursos-educativos\/\" \/>\n<meta property=\"og:site_name\" content=\"Latidos de Gea\" \/>\n<meta property=\"article:publisher\" content=\"https:\/\/www.facebook.com\/UniversidadMiguelHernandezElche\" \/>\n<meta property=\"article:modified_time\" content=\"2025-09-05T08:15:07+00:00\" \/>\n<meta name=\"twitter:card\" content=\"summary_large_image\" \/>\n<meta name=\"twitter:label1\" content=\"Est. reading time\" \/>\n\t<meta name=\"twitter:data1\" content=\"8 minutes\" \/>\n<script type=\"application\/ld+json\" class=\"yoast-schema-graph\">{\"@context\":\"https:\/\/schema.org\",\"@graph\":[{\"@type\":\"Organization\",\"@id\":\"https:\/\/latidosdegea.umh.es\/ca\/#organization\",\"name\":\"Universidad Miguel Hern\\u00e1ndez de Elche\",\"url\":\"https:\/\/latidosdegea.umh.es\/ca\/\",\"sameAs\":[\"https:\/\/www.facebook.com\/UniversidadMiguelHernandezElche\",\"https:\/\/www.instagram.com\/universidadmh\",\"https:\/\/es.linkedin.com\/school\/universidad-miguel-hernandez-de-elche\/\",\"https:\/\/www.youtube.com\/user\/InnovacionDocenteUMH\",\"https:\/\/es.wikipedia.org\/wiki\/Universidad_Miguel_Hern\\u00e1ndez\"],\"logo\":{\"@type\":\"ImageObject\",\"@id\":\"https:\/\/latidosdegea.umh.es\/ca\/#logo\",\"inLanguage\":\"en-US\",\"url\":\"https:\/\/latidosdegea.umh.es\/files\/2024\/12\/logo-umh-negro-horizontal.png\",\"contentUrl\":\"https:\/\/latidosdegea.umh.es\/files\/2024\/12\/logo-umh-negro-horizontal.png\",\"width\":5652,\"height\":1535,\"caption\":\"Universidad Miguel Hern\\u00e1ndez de Elche\"},\"image\":{\"@id\":\"https:\/\/latidosdegea.umh.es\/ca\/#logo\"}},{\"@type\":\"WebSite\",\"@id\":\"https:\/\/latidosdegea.umh.es\/ca\/#website\",\"url\":\"https:\/\/latidosdegea.umh.es\/ca\/\",\"name\":\"Latidos de Gea\",\"description\":\"Universidad Miguel Hern\\u00e1ndez de Elche\",\"publisher\":{\"@id\":\"https:\/\/latidosdegea.umh.es\/ca\/#organization\"},\"potentialAction\":[{\"@type\":\"SearchAction\",\"target\":{\"@type\":\"EntryPoint\",\"urlTemplate\":\"https:\/\/latidosdegea.umh.es\/ca\/?s={search_term_string}\"},\"query-input\":\"required name=search_term_string\"}],\"inLanguage\":\"en-US\"},{\"@type\":\"WebPage\",\"@id\":\"https:\/\/latidosdegea.umh.es\/recursos-educativos\/#webpage\",\"url\":\"https:\/\/latidosdegea.umh.es\/recursos-educativos\/\",\"name\":\"Presentaci\\u00f3n - Latidos de Gea\",\"isPartOf\":{\"@id\":\"https:\/\/latidosdegea.umh.es\/ca\/#website\"},\"datePublished\":\"2024-10-15T05:22:03+00:00\",\"dateModified\":\"2025-09-05T08:15:07+00:00\",\"breadcrumb\":{\"@id\":\"https:\/\/latidosdegea.umh.es\/recursos-educativos\/#breadcrumb\"},\"inLanguage\":\"en-US\",\"potentialAction\":[{\"@type\":\"ReadAction\",\"target\":[\"https:\/\/latidosdegea.umh.es\/recursos-educativos\/\"]}]},{\"@type\":\"BreadcrumbList\",\"@id\":\"https:\/\/latidosdegea.umh.es\/recursos-educativos\/#breadcrumb\",\"itemListElement\":[{\"@type\":\"ListItem\",\"position\":1,\"name\":\"Portada\",\"item\":\"https:\/\/latidosdegea.umh.es\/\"},{\"@type\":\"ListItem\",\"position\":2,\"name\":\"Recursos educativos\"}]}]}<\/script>\n<!-- \/ Yoast SEO plugin. -->","yoast_head_json":{"title":"Presentaci\u00f3n - Latidos de Gea","robots":{"index":"index","follow":"follow","max-snippet":"max-snippet:-1","max-image-preview":"max-image-preview:large","max-video-preview":"max-video-preview:-1"},"canonical":"https:\/\/latidosdegea.umh.es\/en\/recursos-educativos\/","og_locale":"en_US","og_type":"article","og_title":"Presentaci\u00f3n - Latidos de Gea","og_description":"P\u00e1gina de presentaci\u00f3n de la unidad organizativa","og_url":"https:\/\/latidosdegea.umh.es\/recursos-educativos\/","og_site_name":"Latidos de Gea","article_publisher":"https:\/\/www.facebook.com\/UniversidadMiguelHernandezElche","article_modified_time":"2025-09-05T08:15:07+00:00","twitter_card":"summary_large_image","twitter_misc":{"Est. reading time":"8 minutes"},"schema":{"@context":"https:\/\/schema.org","@graph":[{"@type":"Organization","@id":"https:\/\/latidosdegea.umh.es\/ca\/#organization","name":"Universidad Miguel Hern\u00e1ndez de Elche","url":"https:\/\/latidosdegea.umh.es\/ca\/","sameAs":["https:\/\/www.facebook.com\/UniversidadMiguelHernandezElche","https:\/\/www.instagram.com\/universidadmh","https:\/\/es.linkedin.com\/school\/universidad-miguel-hernandez-de-elche\/","https:\/\/www.youtube.com\/user\/InnovacionDocenteUMH","https:\/\/es.wikipedia.org\/wiki\/Universidad_Miguel_Hern\u00e1ndez"],"logo":{"@type":"ImageObject","@id":"https:\/\/latidosdegea.umh.es\/ca\/#logo","inLanguage":"en-US","url":"https:\/\/latidosdegea.umh.es\/files\/2024\/12\/logo-umh-negro-horizontal.png","contentUrl":"https:\/\/latidosdegea.umh.es\/files\/2024\/12\/logo-umh-negro-horizontal.png","width":5652,"height":1535,"caption":"Universidad Miguel Hern\u00e1ndez de Elche"},"image":{"@id":"https:\/\/latidosdegea.umh.es\/ca\/#logo"}},{"@type":"WebSite","@id":"https:\/\/latidosdegea.umh.es\/ca\/#website","url":"https:\/\/latidosdegea.umh.es\/ca\/","name":"Latidos de Gea","description":"Universidad Miguel Hern\u00e1ndez de Elche","publisher":{"@id":"https:\/\/latidosdegea.umh.es\/ca\/#organization"},"potentialAction":[{"@type":"SearchAction","target":{"@type":"EntryPoint","urlTemplate":"https:\/\/latidosdegea.umh.es\/ca\/?s={search_term_string}"},"query-input":"required name=search_term_string"}],"inLanguage":"en-US"},{"@type":"WebPage","@id":"https:\/\/latidosdegea.umh.es\/recursos-educativos\/#webpage","url":"https:\/\/latidosdegea.umh.es\/recursos-educativos\/","name":"Presentaci\u00f3n - Latidos de Gea","isPartOf":{"@id":"https:\/\/latidosdegea.umh.es\/ca\/#website"},"datePublished":"2024-10-15T05:22:03+00:00","dateModified":"2025-09-05T08:15:07+00:00","breadcrumb":{"@id":"https:\/\/latidosdegea.umh.es\/recursos-educativos\/#breadcrumb"},"inLanguage":"en-US","potentialAction":[{"@type":"ReadAction","target":["https:\/\/latidosdegea.umh.es\/recursos-educativos\/"]}]},{"@type":"BreadcrumbList","@id":"https:\/\/latidosdegea.umh.es\/recursos-educativos\/#breadcrumb","itemListElement":[{"@type":"ListItem","position":1,"name":"Portada","item":"https:\/\/latidosdegea.umh.es\/"},{"@type":"ListItem","position":2,"name":"Recursos educativos"}]}]}},"_links":{"self":[{"href":"https:\/\/latidosdegea.umh.es\/en\/wp-json\/wp\/v2\/pages\/12"}],"collection":[{"href":"https:\/\/latidosdegea.umh.es\/en\/wp-json\/wp\/v2\/pages"}],"about":[{"href":"https:\/\/latidosdegea.umh.es\/en\/wp-json\/wp\/v2\/types\/page"}],"author":[{"embeddable":true,"href":"https:\/\/latidosdegea.umh.es\/en\/wp-json\/wp\/v2\/users\/1759"}],"replies":[{"embeddable":true,"href":"https:\/\/latidosdegea.umh.es\/en\/wp-json\/wp\/v2\/comments?post=12"}],"version-history":[{"count":0,"href":"https:\/\/latidosdegea.umh.es\/en\/wp-json\/wp\/v2\/pages\/12\/revisions"}],"wp:attachment":[{"href":"https:\/\/latidosdegea.umh.es\/en\/wp-json\/wp\/v2\/media?parent=12"}],"curies":[{"name":"wp","href":"https:\/\/api.w.org\/{rel}","templated":true}]}}